{"id":2985,"date":"2017-11-20T10:42:47","date_gmt":"2017-11-20T08:42:47","guid":{"rendered":"http:\/\/ehituskeskus.ee\/seminars\/"},"modified":"2017-12-01T09:26:29","modified_gmt":"2017-12-01T07:26:29","slug":"seminaarit","status":"publish","type":"page","link":"https:\/\/ehituskeskus.ee\/fi\/seminaarit\/","title":{"rendered":"Seminaarit"},"content":{"rendered":"<p><a href=\"http:\/\/ehituskeskus.ee\/wp-content\/uploads\/2017\/11\/Seminar-P1010458-1.jpg\"><img decoding=\"async\" class=\"alignright wp-image-2873 size-thumbnail\" src=\"http:\/\/ehituskeskus.ee\/wp-content\/uploads\/2017\/11\/Seminar-P1010458-1-450x450.jpg\" alt=\"\" width=\"450\" height=\"450\" srcset=\"https:\/\/ehituskeskus.ee\/wp-content\/uploads\/2017\/11\/Seminar-P1010458-1-450x450.jpg 450w, https:\/\/ehituskeskus.ee\/wp-content\/uploads\/2017\/11\/Seminar-P1010458-1-100x100.jpg 100w\" sizes=\"(max-width: 450px) 100vw, 450px\" \/><\/a><\/p>\n<blockquote><p><strong>Rakennusalan koulutusseminaarit Ehituskeskuksessa<\/strong> \u2013 vuodesta 1996 l\u00e4htien teemaseminaarit ja tiedotusp\u00e4iv\u00e4t sek\u00e4 vuodesta 2000 l\u00e4htien koulutukset Viron Rakennusinsin\u00f6\u00f6riliiton (Eesti Ehitusinseneride Liit) t\u00e4ydennyskoulutuspisteiden perusteella.<\/p><\/blockquote>\n<p>Tarjoamme kattavaa palvelua seminaarien j\u00e4rjest\u00e4miseksi Ehituskeskuksessa: tilaajan laatiman ohjelman mukaan kutsumme mahdolliset kuuntelijat, vuokraamme kokoustilat, rekister\u00f6imme kuuntelijat, j\u00e4rjest\u00e4mme kahvitauon ja haluttaessa tilaamme my\u00f6s t\u00e4ydennyskoulutuspisteet Viron rakennusinsin\u00f6\u00f6riliitolta ja tulostamme kurssitodistukset. Seminaarin j\u00e4lkeen voimme ladata esitelm\u00e4t verkkoon ja l\u00e4hett\u00e4\u00e4 luentojen linkin l\u00e4sn\u00e4 olleille kuuntelijoille.<\/p>\n<p>Kysy lis\u00e4\u00e4 l\u00e4hett\u00e4m\u00e4ll\u00e4 s\u00e4hk\u00f6postia osoitteeseen: <a href=\"mailto:etinfo@ehituskeskus.ee\">etinfo@ehituskeskus.ee<\/a><\/p>\n<ul>\n<li>Seminaarit 2017<\/li>\n<li><a href=\"http:\/\/ehituskeskus.ee\/seminarid-koolitused\/\" target=\"_blank\" rel=\"noopener\">Seuraavat seminaarit<\/a><\/li>\n<\/ul>\n","protected":false},"excerpt":{"rendered":"<p>Rakennusalan koulutusseminaarit Ehituskeskuksessa \u2013 vuodesta 1996 l\u00e4htien teemaseminaarit ja tiedotusp\u00e4iv\u00e4t sek\u00e4 vuodesta 2000 l\u00e4htien koulutukset Viron Rakennusinsin\u00f6\u00f6riliiton (Eesti Ehitusinseneride Liit)&#8230;<\/p>\n","protected":false},"author":1,"featured_media":0,"parent":0,"menu_order":10,"comment_status":"closed","ping_status":"closed","template":"","meta":{"_acf_changed":false,"footnotes":"","_links_to":"","_links_to_target":""},"class_list":["post-2985","page","type-page","status-publish","hentry"],"acf":[],"yoast_head":"<!-- This site is optimized with the Yoast SEO plugin v27.2 - https:\/\/yoast.com\/product\/yoast-seo-wordpress\/ -->\n<title>Seminaarit - ET Infokeskus<\/title>\n<meta name=\"robots\" content=\"index, follow, max-snippet:-1, max-image-preview:large, max-video-preview:-1\" \/>\n<link rel=\"canonical\" href=\"https:\/\/ehituskeskus.ee\/fi\/seminaarit\/\" \/>\n<meta property=\"og:locale\" content=\"fi_FI\" \/>\n<meta property=\"og:type\" content=\"article\" \/>\n<meta property=\"og:title\" content=\"Seminaarit - ET Infokeskus\" \/>\n<meta property=\"og:description\" content=\"Rakennusalan koulutusseminaarit Ehituskeskuksessa \u2013 vuodesta 1996 l\u00e4htien teemaseminaarit ja tiedotusp\u00e4iv\u00e4t sek\u00e4 vuodesta 2000 l\u00e4htien koulutukset Viron Rakennusinsin\u00f6\u00f6riliiton (Eesti Ehitusinseneride Liit)...\" \/>\n<meta property=\"og:url\" content=\"https:\/\/ehituskeskus.ee\/fi\/seminaarit\/\" \/>\n<meta property=\"og:site_name\" content=\"ET Infokeskus\" \/>\n<meta property=\"article:modified_time\" content=\"2017-12-01T07:26:29+00:00\" \/>\n<meta property=\"og:image\" content=\"http:\/\/ehituskeskus.ee\/wp-content\/uploads\/2017\/11\/Seminar-P1010458-1-450x450.jpg\" \/>\n<meta name=\"twitter:card\" content=\"summary_large_image\" \/>\n<script type=\"application\/ld+json\" class=\"yoast-schema-graph\">{\"@context\":\"https:\/\/schema.org\",\"@graph\":[{\"@type\":\"WebPage\",\"@id\":\"https:\/\/ehituskeskus.ee\/fi\/seminaarit\/\",\"url\":\"https:\/\/ehituskeskus.ee\/fi\/seminaarit\/\",\"name\":\"Seminaarit - ET Infokeskus\",\"isPartOf\":{\"@id\":\"https:\/\/ehituskeskus.ee\/#website\"},\"primaryImageOfPage\":{\"@id\":\"https:\/\/ehituskeskus.ee\/fi\/seminaarit\/#primaryimage\"},\"image\":{\"@id\":\"https:\/\/ehituskeskus.ee\/fi\/seminaarit\/#primaryimage\"},\"thumbnailUrl\":\"http:\/\/ehituskeskus.ee\/wp-content\/uploads\/2017\/11\/Seminar-P1010458-1-450x450.jpg\",\"datePublished\":\"2017-11-20T08:42:47+00:00\",\"dateModified\":\"2017-12-01T07:26:29+00:00\",\"breadcrumb\":{\"@id\":\"https:\/\/ehituskeskus.ee\/fi\/seminaarit\/#breadcrumb\"},\"inLanguage\":\"fi\",\"potentialAction\":[{\"@type\":\"ReadAction\",\"target\":[\"https:\/\/ehituskeskus.ee\/fi\/seminaarit\/\"]}]},{\"@type\":\"ImageObject\",\"inLanguage\":\"fi\",\"@id\":\"https:\/\/ehituskeskus.ee\/fi\/seminaarit\/#primaryimage\",\"url\":\"http:\/\/ehituskeskus.ee\/wp-content\/uploads\/2017\/11\/Seminar-P1010458-1-450x450.jpg\",\"contentUrl\":\"http:\/\/ehituskeskus.ee\/wp-content\/uploads\/2017\/11\/Seminar-P1010458-1-450x450.jpg\"},{\"@type\":\"BreadcrumbList\",\"@id\":\"https:\/\/ehituskeskus.ee\/fi\/seminaarit\/#breadcrumb\",\"itemListElement\":[{\"@type\":\"ListItem\",\"position\":1,\"name\":\"Home\",\"item\":\"http:\/\/ehituskeskus.ee\/fi\/ehituskeskus-viron-rakennustietokeskus\/\"},{\"@type\":\"ListItem\",\"position\":2,\"name\":\"Seminaarit\"}]},{\"@type\":\"WebSite\",\"@id\":\"https:\/\/ehituskeskus.ee\/#website\",\"url\":\"https:\/\/ehituskeskus.ee\/\",\"name\":\"ET Infokeskus\",\"description\":\"\",\"publisher\":{\"@id\":\"https:\/\/ehituskeskus.ee\/#organization\"},\"potentialAction\":[{\"@type\":\"SearchAction\",\"target\":{\"@type\":\"EntryPoint\",\"urlTemplate\":\"https:\/\/ehituskeskus.ee\/?s={search_term_string}\"},\"query-input\":{\"@type\":\"PropertyValueSpecification\",\"valueRequired\":true,\"valueName\":\"search_term_string\"}}],\"inLanguage\":\"fi\"},{\"@type\":\"Organization\",\"@id\":\"https:\/\/ehituskeskus.ee\/#organization\",\"name\":\"ET Infokeskuse AS\",\"url\":\"https:\/\/ehituskeskus.ee\/\",\"logo\":{\"@type\":\"ImageObject\",\"inLanguage\":\"fi\",\"@id\":\"https:\/\/ehituskeskus.ee\/#\/schema\/logo\/image\/\",\"url\":\"https:\/\/ehituskeskus.ee\/wp-content\/uploads\/2017\/02\/logo.png\",\"contentUrl\":\"https:\/\/ehituskeskus.ee\/wp-content\/uploads\/2017\/02\/logo.png\",\"width\":220,\"height\":31,\"caption\":\"ET Infokeskuse AS\"},\"image\":{\"@id\":\"https:\/\/ehituskeskus.ee\/#\/schema\/logo\/image\/\"}}]}<\/script>\n<!-- \/ Yoast SEO plugin. -->","yoast_head_json":{"title":"Seminaarit - ET Infokeskus","robots":{"index":"index","follow":"follow","max-snippet":"max-snippet:-1","max-image-preview":"max-image-preview:large","max-video-preview":"max-video-preview:-1"},"canonical":"https:\/\/ehituskeskus.ee\/fi\/seminaarit\/","og_locale":"fi_FI","og_type":"article","og_title":"Seminaarit - ET Infokeskus","og_description":"Rakennusalan koulutusseminaarit Ehituskeskuksessa \u2013 vuodesta 1996 l\u00e4htien teemaseminaarit ja tiedotusp\u00e4iv\u00e4t sek\u00e4 vuodesta 2000 l\u00e4htien koulutukset Viron Rakennusinsin\u00f6\u00f6riliiton (Eesti Ehitusinseneride Liit)...","og_url":"https:\/\/ehituskeskus.ee\/fi\/seminaarit\/","og_site_name":"ET Infokeskus","article_modified_time":"2017-12-01T07:26:29+00:00","og_image":[{"url":"http:\/\/ehituskeskus.ee\/wp-content\/uploads\/2017\/11\/Seminar-P1010458-1-450x450.jpg","type":"","width":"","height":""}],"twitter_card":"summary_large_image","schema":{"@context":"https:\/\/schema.org","@graph":[{"@type":"WebPage","@id":"https:\/\/ehituskeskus.ee\/fi\/seminaarit\/","url":"https:\/\/ehituskeskus.ee\/fi\/seminaarit\/","name":"Seminaarit - ET Infokeskus","isPartOf":{"@id":"https:\/\/ehituskeskus.ee\/#website"},"primaryImageOfPage":{"@id":"https:\/\/ehituskeskus.ee\/fi\/seminaarit\/#primaryimage"},"image":{"@id":"https:\/\/ehituskeskus.ee\/fi\/seminaarit\/#primaryimage"},"thumbnailUrl":"http:\/\/ehituskeskus.ee\/wp-content\/uploads\/2017\/11\/Seminar-P1010458-1-450x450.jpg","datePublished":"2017-11-20T08:42:47+00:00","dateModified":"2017-12-01T07:26:29+00:00","breadcrumb":{"@id":"https:\/\/ehituskeskus.ee\/fi\/seminaarit\/#breadcrumb"},"inLanguage":"fi","potentialAction":[{"@type":"ReadAction","target":["https:\/\/ehituskeskus.ee\/fi\/seminaarit\/"]}]},{"@type":"ImageObject","inLanguage":"fi","@id":"https:\/\/ehituskeskus.ee\/fi\/seminaarit\/#primaryimage","url":"http:\/\/ehituskeskus.ee\/wp-content\/uploads\/2017\/11\/Seminar-P1010458-1-450x450.jpg","contentUrl":"http:\/\/ehituskeskus.ee\/wp-content\/uploads\/2017\/11\/Seminar-P1010458-1-450x450.jpg"},{"@type":"BreadcrumbList","@id":"https:\/\/ehituskeskus.ee\/fi\/seminaarit\/#breadcrumb","itemListElement":[{"@type":"ListItem","position":1,"name":"Home","item":"http:\/\/ehituskeskus.ee\/fi\/ehituskeskus-viron-rakennustietokeskus\/"},{"@type":"ListItem","position":2,"name":"Seminaarit"}]},{"@type":"WebSite","@id":"https:\/\/ehituskeskus.ee\/#website","url":"https:\/\/ehituskeskus.ee\/","name":"ET Infokeskus","description":"","publisher":{"@id":"https:\/\/ehituskeskus.ee\/#organization"},"potentialAction":[{"@type":"SearchAction","target":{"@type":"EntryPoint","urlTemplate":"https:\/\/ehituskeskus.ee\/?s={search_term_string}"},"query-input":{"@type":"PropertyValueSpecification","valueRequired":true,"valueName":"search_term_string"}}],"inLanguage":"fi"},{"@type":"Organization","@id":"https:\/\/ehituskeskus.ee\/#organization","name":"ET Infokeskuse AS","url":"https:\/\/ehituskeskus.ee\/","logo":{"@type":"ImageObject","inLanguage":"fi","@id":"https:\/\/ehituskeskus.ee\/#\/schema\/logo\/image\/","url":"https:\/\/ehituskeskus.ee\/wp-content\/uploads\/2017\/02\/logo.png","contentUrl":"https:\/\/ehituskeskus.ee\/wp-content\/uploads\/2017\/02\/logo.png","width":220,"height":31,"caption":"ET Infokeskuse AS"},"image":{"@id":"https:\/\/ehituskeskus.ee\/#\/schema\/logo\/image\/"}}]}},"_links":{"self":[{"href":"https:\/\/ehituskeskus.ee\/fi\/wp-json\/wp\/v2\/pages\/2985","targetHints":{"allow":["GET"]}}],"collection":[{"href":"https:\/\/ehituskeskus.ee\/fi\/wp-json\/wp\/v2\/pages"}],"about":[{"href":"https:\/\/ehituskeskus.ee\/fi\/wp-json\/wp\/v2\/types\/page"}],"author":[{"embeddable":true,"href":"https:\/\/ehituskeskus.ee\/fi\/wp-json\/wp\/v2\/users\/1"}],"replies":[{"embeddable":true,"href":"https:\/\/ehituskeskus.ee\/fi\/wp-json\/wp\/v2\/comments?post=2985"}],"version-history":[{"count":0,"href":"https:\/\/ehituskeskus.ee\/fi\/wp-json\/wp\/v2\/pages\/2985\/revisions"}],"wp:attachment":[{"href":"https:\/\/ehituskeskus.ee\/fi\/wp-json\/wp\/v2\/media?parent=2985"}],"curies":[{"name":"wp","href":"https:\/\/api.w.org\/{rel}","templated":true}]}}